{"id":2276,"date":"2024-03-03T17:05:03","date_gmt":"2024-03-03T17:05:03","guid":{"rendered":"https:\/\/www.prezivetje.eu\/?page_id=2276"},"modified":"2025-02-11T19:57:53","modified_gmt":"2025-02-11T19:57:53","slug":"programi-ki-vam-ponujamo","status":"publish","type":"page","link":"https:\/\/www.prezivetje.eu\/index.php\/programi-ki-vam-ponujamo\/","title":{"rendered":"Programi, ki vam ponujamo"},"content":{"rendered":"\n<p>\u0160ola v naravi za osnovne \u0161ole <\/p>\n\n\n\n<p>do srednjih \u0161ol od 5do10dni. Spali bodo zunaj v naravi brez \u0161otorov izdelali bomo skupaj naravne bivake v katerih bodo spali. V \u0161oli v naravi imajo u\u010denci prilo\u017enost odkrivati, spoznavati in do\u017eivljati naravo in svojo \u0161ir\u0161o okolico. Ob tem se navajajo na samostojnost in razvijajo razli\u010dne gibalne in dru\u017eabne spretnosti. Otroci spoznavajo naravo izdelujejo razli\u010dne izdelke. Spoznavajo rastline skupaj i\u0161\u010demo \u017eiveli in jih opazujem. Posku\u0161amo divjo hrano kuhamo divjo hrano, kuhamo naravno kavo, \u010daje iz rastlin, listov, lubja, Izdelovali bodo razli\u010dne pripomo\u010dke za ubran pred divjimi \u017eivalmi spoznali bodo nekaj pasti katere se v survival situacijah uporabljajo ter pohodi in opazovanje narave. Spoznavali bodo razli\u010dne tehnike netenja ognja, izdelovali razli\u010dne vodne filtre, kako vodo poiskat itd\u2026<\/p>\n\n\n\n<p>otro\u0161ke delavnice \u010dez po\u010ditnice z star\u0161i. <\/p>\n\n\n\n<p>Otroci spoznavajo naravo izdelujejo razli\u010dne izdelke. Spoznavajo rastline skupaj i\u0161\u010demo \u017eiveli in jih opazujem. Posku\u0161amo divjo hrano kuhamo divjo hrano, kuhamo naravno kavo, \u010daje iz rastlin, listov, lubja. Ter u\u017eivamo ob toplem ognju in se pogovarjamo o naravi in podobno.<\/p>\n\n\n\n<p>Program za ljudi s posebnimi potrebami<\/p>\n\n\n\n<p>Nikar si ne zatiskajmo o\u010di, dogaja se in zgodi se lahko vsakemu od nas. Taki posebni te\u010daji se namre\u010d velikokrat organizirajo za izpostavljene socialne skupine (invalidi, mladostniki s te\u017eavami, otroke iz socialno in rejni\u0161ko ogro\u017eenih dru\u017ein, itd). Da bi pritegnili \u010dim ve\u010d mladih iz teh skupin, v na\u0161a \u0161olanja vna\u0161amo nove elemente in pripomo\u010dke, odpiramo sodelovanja z razli\u0107nimi organizacijami. Zavedati se moramo, da so to ljudje, ki potrebujejo na\u0161o podporo in od katerih se lahko veliko nau\u010dimo, predvsem o na\u0161ih skupnih napakah in o \u017eivljenski energiji. Program se organizira glede na ciljno skupino in je izklju\u010dno namenjen glede na zahtevo in \u017eelje naro\u010dnika.<\/p>\n\n\n\n<p>Otro\u0161ke delavnice brez star\u0161ev. Otroci spoznavajo naravo izdelujejo razli\u010dne izdelke. Spoznavajo rastline skupaj i\u0161\u010demo \u017eiveli in jih opazujem. Posku\u0161amo divjo hrano kuhamo divjo hrano, kuhamo naravno kavo, \u010daje iz rastlin, listov, lubja. Ter u\u017eivamo ob toplem ognju in se pogovarjamo o naravi in podobno.<\/p>\n\n\n\n<p>program za mlade. Obrambno varnostno osve\u0161\u010danje mladih. S programom \u017eelimo mladim pribli\u017eati voja\u0161ko \u017eivljenje ki, vklju\u010duje Airsoft simulacijo voja\u0161kih ve\u0161\u010din in osnovne ve\u0161\u010dine pre\u017eivetja v naravi. Mlade prav tako \u017eelimo skozi usposabljanje vzgajati (vzpodbuditi ob\u010dutek za improvizacijo, iznajdljivost, odlo\u010dnost, vztrajnost, \u2026\u2026).<\/p>\n\n\n\n<p>TEAMBUILDING SURVIVAL PROGRAMI ZA PODJETJA. Programi so namenjeni za kolektive podjetji, ki \u017eelijo svojim zaposlenim omogo\u010diti druga\u010dno dru\u017eenje in izobra\u017eevanje (SURVIVAL TEAMBUILDING). Osnovni cilj usposabljanja je seznaniti kolektiv z \u017eivljenjem v naravi, osnovnimi znanji in ve\u0161\u010dinami za pre\u017eivetje.<\/p>\n\n\n\n<p>SERE: Survival, Evasion, Resistance, and Escape&nbsp; izvajamo najte\u017eje mo\u017ene scenarije pre\u017eivetja SERE vklju\u010duje tudi programe zasli\u0161evanjem mu\u010denjem lovljenje pobegne lega talca in druge ve\u0161\u010dine na terenu itd\u2026 namenjeno je tudi civilistom vklju\u010duje se tudi Airsoft Da, se pribli\u017eamo \u010dim bolj realnim programom.<\/p>\n\n\n\n<p>Dru\u017einsko pre\u017eivetje v naravi. kaj to pomeni, da na to pre\u017eivetje lahko pridejo dru\u017eine z otroci od 14let starosti naprej. Program temelji na osnovne ve\u0161\u010dine pre\u017eivetja traja minimalno 3 dni. Tukaj dejansko dru\u017eine spoznajo koliko so dejansko povezane med seboj, kako so komunikativne v stresnih in kriznih situacijah in kako med sabo sodelujejo v takih situacijah.<br>Tukaj vas bomo spremljali ob razli\u010dnih nalogah pre\u017eivetja. Kako boste si delili naloge katere dobite, kako sodelujete in tako dalje. Bomo vas spodbujali in motivirali na koncu se bo pokazalo kako ste med seboj resni\u010dno povezani.<\/p>\n\n\n\n<p>Iz \u0161olanje za in\u0161truktorja<\/p>\n\n\n\n<p class=\"has-text-align-left\">te\u010daji so namenjeni kandidatom, ki se \u017eelijo s pre\u017eivetjem ukvarjati profesionalno in bi se radi pridru\u017eili na\u0161i ekipi. Kandidati za In\u0161truktorski te\u010daj morajo imeti\u00a0opravljene vse osnovne in nadaljevalne te\u010daje in opravljene nekaj ALON zivov. Kandidati, ki se prijavijo na ta te\u010daj, so morali v zadnjih 2-4 letih torej 100 dni opravljenih te\u010dajev izpolniti \u0161e naslednje pogoje kot so:<br>\u00a0\u00a0 aktivna pomo\u010d pri izvedbi vsaj 10 osnovnih ali nadaljevalnih te\u010dajev<br>\u00a0\u00a0 samostojno vodenje posameznih sklopov v osnovnem, nadaljevalnem te\u010daju<br>\u00a0\u00a0 ne smejo biti sodno kaznovani<\/p>\n\n\n\n<p><\/p>\n","protected":false},"excerpt":{"rendered":"<p>\u0160ola v naravi za osnovne \u0161ole do srednjih \u0161ol od 5do10dni. Spali bodo zunaj v naravi brez \u0161otorov izdelali bomo skupaj naravne bivake v katerih bodo spali. V \u0161oli v naravi imajo u\u010denci prilo\u017enost odkrivati, spoznavati in do\u017eivljati naravo in svojo \u0161ir\u0161o okolico. Ob tem se navajajo na samostojnost in razvijajo razli\u010dne gibalne in dru\u017eabne [&hellip;]<\/p>\n","protected":false},"author":1,"featured_media":0,"parent":0,"menu_order":0,"comment_status":"closed","ping_status":"closed","template":"","meta":{"saved_in_kubio":false,"footnotes":""},"class_list":["post-2276","page","type-page","status-publish","hentry"],"kubio_ai_page_context":{"short_desc":"","purpose":"general"},"_links":{"self":[{"href":"https:\/\/www.prezivetje.eu\/index.php\/wp-json\/wp\/v2\/pages\/2276","targetHints":{"allow":["GET"]}}],"collection":[{"href":"https:\/\/www.prezivetje.eu\/index.php\/wp-json\/wp\/v2\/pages"}],"about":[{"href":"https:\/\/www.prezivetje.eu\/index.php\/wp-json\/wp\/v2\/types\/page"}],"author":[{"embeddable":true,"href":"https:\/\/www.prezivetje.eu\/index.php\/wp-json\/wp\/v2\/users\/1"}],"replies":[{"embeddable":true,"href":"https:\/\/www.prezivetje.eu\/index.php\/wp-json\/wp\/v2\/comments?post=2276"}],"version-history":[{"count":0,"href":"https:\/\/www.prezivetje.eu\/index.php\/wp-json\/wp\/v2\/pages\/2276\/revisions"}],"wp:attachment":[{"href":"https:\/\/www.prezivetje.eu\/index.php\/wp-json\/wp\/v2\/media?parent=2276"}],"curies":[{"name":"wp","href":"https:\/\/api.w.org\/{rel}","templated":true}]}}