{"id":2308,"date":"2024-03-03T17:22:52","date_gmt":"2024-03-03T17:22:52","guid":{"rendered":"https:\/\/www.prezivetje.eu\/?page_id=2308"},"modified":"2025-06-28T17:48:17","modified_gmt":"2025-06-28T17:48:17","slug":"cenik-tecajev","status":"publish","type":"page","link":"https:\/\/www.prezivetje.eu\/index.php\/cenik-tecajev\/","title":{"rendered":"Cenik te\u010dajev"},"content":{"rendered":"<div data-colibri-id=\"2308-c1\" class=\"style-800 style-local-2308-c1 position-relative\">\n  <!----><\/p>\n<div data-colibri-component=\"section\" data-colibri-id=\"2308-c2\" id=\"initial-content\" class=\"h-section h-section-global-spacing d-flex align-items-lg-center align-items-md-center align-items-center style-801 style-local-2308-c2 position-relative\">\n    <!----><br \/>\n    <!----><\/p>\n<div class=\"h-section-grid-container h-section-boxed-container\">\n      <!----><\/p>\n<div data-colibri-id=\"2308-c10\" class=\"h-row-container gutters-row-lg-2 gutters-row-md-2 gutters-row-0 gutters-row-v-lg-2 gutters-row-v-md-2 gutters-row-v-2 style-809 style-local-2308-c10 position-relative\">\n        <!----><\/p>\n<div class=\"h-row justify-content-lg-center justify-content-md-center justify-content-center align-items-lg-stretch align-items-md-stretch align-items-stretch gutters-col-lg-2 gutters-col-md-2 gutters-col-0 gutters-col-v-lg-2 gutters-col-v-md-2 gutters-col-v-2\">\n          <!----><\/p>\n<div class=\"h-column h-column-container d-flex h-col-lg-auto h-col-md-auto h-col-auto style-810-outer style-local-2308-c11-outer\">\n<div data-colibri-id=\"2308-c11\" class=\"d-flex h-flex-basis h-column__inner h-px-lg-2 h-px-md-2 h-px-2 v-inner-lg-2 v-inner-md-2 v-inner-2 style-810 style-local-2308-c11 position-relative\">\n              <!----><br \/>\n              <!----><\/p>\n<div class=\"w-100 h-y-container h-column__content h-column__v-align flex-basis-100 align-self-lg-start align-self-md-start align-self-start\">\n                <!----><\/p>\n<div data-colibri-id=\"2308-c12\" class=\"style-804 style-local-2308-c12 position-relative h-element\">\n                  <!----><\/p>\n<div>\n\n\n<p class=\"has-colibri-color-5-color has-colibri-color-6-background-color has-text-color has-background has-link-color wp-elements-a4ac7e76c4f775495e75868f970bb0b5\">1.osnovni te\u010daji trajanje 3 dni1,2,3 stopnje 250\u20ac po osebi. Trajanje 5 dni 4 stopnja izpit 250\u20ac po osebi<\/p>\n\n\n\n<p class=\"has-colibri-color-5-color has-colibri-color-6-background-color has-text-color has-background has-link-color wp-elements-dda9c7431029a39724fa8598519b635a\">2 nadaljevalni te\u010daj trajanje 5 dni 1,2,3 stopnja 280\u20ac po osebi. Trajanje 5 dni 4 stopnja izpit 280\u20ac po osebi<\/p>\n\n\n\n<p class=\"has-colibri-color-5-color has-colibri-color-6-background-color has-text-color has-background has-link-color wp-elements-3e1daa65ca733e100d9f0cadaf36ab71\"> 3. S.E.R.E AIRSOFT 250\u20ac po osebi. Trajanje 3 dni<\/p>\n\n\n\n<p class=\"has-colibri-color-5-color has-colibri-color-6-background-color has-text-color has-background has-link-color wp-elements-ac67c4c703badc849aedd2f19b5ddec1\">4. S.E.R.E AIRSOFT+ Pre\u017eivetje 250\u20ac po osebi. Trajanje 5 dni<\/p>\n\n\n\n<p class=\"has-colibri-color-5-color has-colibri-color-6-background-color has-text-color has-background has-link-color wp-elements-30430e9a53f47863dfe69a705f1967e7\">5. S.E.R.E usposabljanje voja\u0161kih in tujih pripadnikov 500\u20ac po osebi. Trajanje 5 do 10 dni <\/p>\n\n\n\n<p class=\"has-colibri-color-5-color has-colibri-color-6-background-color has-text-color has-background has-link-color wp-elements-755d2832fcc64482455a87850a099d8a\">6. Extremni te\u010daj trajanje 5 do 20 dni 450\u20ac po osebi. Trajanje 5 do 15 dni <\/p>\n\n\n\n<p class=\"has-colibri-color-5-color has-colibri-color-6-background-color has-text-color has-background has-link-color wp-elements-a5de8ffff4a11bb1bced1b099518b264\">7. izziv Naked and Afraid v Sloveniji&nbsp;<em><strong>Goli in prestra\u0161eni<\/strong><\/em> 600\u20ac po osebi. Trajanje 15dni<\/p>\n\n\n\n<p class=\"has-colibri-color-5-color has-colibri-color-6-background-color has-text-color has-background has-link-color wp-elements-bcd3a5299ba482723c36c9ab64230e52\">8. ALONE izziv cena po osebi 600\u20ac trajanje 15 dni <\/p>\n\n\n\n<p class=\"has-colibri-color-5-color has-colibri-color-6-background-color has-text-color has-background has-link-color wp-elements-c8e4b6077c07fce205c3b79a8f720327\">9. otro\u0161ki tabor 150\u20ac po osebi trajanje 3 dni<\/p>\n\n\n\n<p class=\"has-colibri-color-5-color has-colibri-color-6-background-color has-text-color has-background has-link-color wp-elements-5a114bc260fce0c4126b75268ad7922f\">10. vikend paket za dru\u017eine cena zna\u0161a komplet na dru\u017einske \u010dlane 400\u20ac<\/p>\n\n\n\n<p class=\"has-colibri-color-5-color has-colibri-color-6-background-color has-text-color has-background has-link-color wp-elements-faadb89c39a27fe0c33c27b204e9059e\">11. en dan ena no\u010d izziv cena 130\u20ac <\/p>\n\n\n\n<p class=\"has-colibri-color-5-color has-colibri-color-6-background-color has-text-color has-background has-link-color wp-elements-557ecef86887582a20f01a255e2bef39\">12. te\u010daj na otoku 350\u20ac po osebi. Trajanje 5 do 10 dni <\/p>\n\n\n\n<p class=\"has-colibri-color-5-color has-colibri-color-6-background-color has-text-color has-background has-link-color wp-elements-1bf834c26c889813356927b34f9b0cbd\">13. Iz \u0161olanje za in\u0161truktorja<\/p>\n\n\n\n<p class=\"has-colibri-color-5-color has-colibri-color-6-background-color has-text-color has-background has-link-color wp-elements-24b2182c57c18c072ef6866c920636ed\">te\u010daji so namenjeni kandidatom, ki se \u017eelijo s pre\u017eivetjem ukvarjati profesionalno in bi se radi pridru\u017eili na\u0161i ekipi. Kandidati za In\u0161truktorski te\u010daj morajo imeti&nbsp;opravljene vse osnovne in nadaljevalne te\u010daje in opravljene\n                      nekaj ALON izzivov. Kandidati, ki se prijavijo na ta te\u010daj, so morali v zadnjih 2-4 letih torej 100 dni opravljenih te\u010dajev izpolniti \u0161e naslednje pogoje kot so:\n                      <br>&nbsp;&nbsp; aktivna pomo\u010d pri izvedbi vsaj 10 osnovnih ali nadaljevalnih te\u010dajev\n                      <br>&nbsp;&nbsp; samostojno vodenje posameznih sklopov v osnovnem, nadaljevalnem te\u010daju\n                      <br>&nbsp;&nbsp; ne smejo biti sodno kaznovani!! cena usposabljanja zna\u0161a 2600\u20ac <\/p>\n\n\n\n<p class=\"has-colibri-color-5-color has-colibri-color-6-background-color has-text-color has-background has-link-color wp-elements-07bf198c6f123555424dcd144827d1a7\"><strong>Posebne situacije pre\u017eivetja<\/strong>! <\/p>\n\n\n\n<p class=\"has-colibri-color-5-color has-colibri-color-6-background-color has-text-color has-background has-link-color wp-elements-d3eca7f39af797b8ee97d2bed9eb8da4\">Cena od 4000\u20ac do 6000\u20ac po osebi za izvajanje <strong>Posebne situacije pre\u017eivetja<\/strong> je potrebno 5 kandidatov vsak kandidati si krijejo stro\u0161ke prevoza do letali\u0161\u010da v ceno so v\u0161teti stro\u0161ki leta na dolo\u010dene celine ter stro\u0161ki\n                      organizacije. Vsak kandidat se mora cepit proti razli\u010dnim obolenjem. Ki zahteva vsaka dr\u017eava zase. Stro\u0161ke cepljenja nosi kandidat sam. <\/p>\n\n\n\n<p class=\"has-colibri-color-5-color has-colibri-color-6-background-color has-text-color has-background has-link-color wp-elements-ac5c0e607a9185037f76244013678826\">-Voda<\/p>\n\n\n\n<p class=\"has-colibri-color-5-color has-colibri-color-6-background-color has-text-color has-background has-link-color wp-elements-94faa4cc28c79704b107d6052503fbb0\">-Sibirija<\/p>\n\n\n\n<p class=\"has-colibri-color-5-color has-colibri-color-6-background-color has-text-color has-background has-link-color wp-elements-b6f1624fd1385fc379d943976b74e5eb\">-Pu\u0161\u010dava<\/p>\n\n\n\n<p class=\"has-colibri-color-5-color has-colibri-color-6-background-color has-text-color has-background has-link-color wp-elements-28f8e84050c123c5a6cd362ad127000e\">-D\u017eungla<\/p>\n\n\n\n<p class=\"has-colibri-color-5-color has-colibri-color-6-background-color has-text-color has-background has-link-color wp-elements-32480e922137c6b67987ee1b8735f56e\">Za redne stranke, ki obiskujete na\u0161o \u0161olo pre\u017eivetja. Imate 20% popust na vse na\u0161e te\u010daje in izzive popust, ne velja za <strong>Posebne situacije pre\u017eivetja<\/strong>!<\/p>\n\n\n<\/div>\n<\/div>\n<\/div>\n<\/div>\n<\/div>\n<\/div>\n<\/div>\n<div data-colibri-id=\"2308-c6\" class=\"h-row-container gutters-row-lg-2 gutters-row-md-2 gutters-row-0 gutters-row-v-lg-2 gutters-row-v-md-2 gutters-row-v-2 style-805 style-local-2308-c6 position-relative\">\n        <!----><\/p>\n<div class=\"h-row justify-content-lg-center justify-content-md-center justify-content-center align-items-lg-stretch align-items-md-stretch align-items-stretch gutters-col-lg-2 gutters-col-md-2 gutters-col-0 gutters-col-v-lg-2 gutters-col-v-md-2 gutters-col-v-2\">\n          <!----><\/p>\n<div class=\"h-column h-column-container d-flex h-col-lg-auto h-col-md-auto h-col-auto style-806-outer style-local-2308-c7-outer\">\n<div data-colibri-id=\"2308-c7\" class=\"d-flex h-flex-basis h-column__inner h-ui-empty-state-container h-px-lg-2 h-px-md-2 h-px-2 v-inner-lg-2 v-inner-md-2 v-inner-2 style-806 style-local-2308-c7 position-relative\">\n              <!----><br \/>\n              <!----><\/p>\n<div class=\"w-100 h-y-container h-column__content h-column__v-align flex-basis-100\">\n                <!---->\n              <\/div>\n<\/p>\n<\/div>\n<\/div>\n<\/div>\n<\/div>\n<div data-colibri-id=\"2308-c8\" class=\"h-row-container gutters-row-lg-2 gutters-row-md-2 gutters-row-0 gutters-row-v-lg-2 gutters-row-v-md-2 gutters-row-v-2 style-802 style-local-2308-c8 position-relative\">\n        <!----><\/p>\n<div class=\"h-row justify-content-lg-center justify-content-md-center justify-content-center align-items-lg-stretch align-items-md-stretch align-items-stretch gutters-col-lg-2 gutters-col-md-2 gutters-col-0 gutters-col-v-lg-2 gutters-col-v-md-2 gutters-col-v-2\">\n          <!----><\/p>\n<div class=\"h-column h-column-container d-flex h-col-lg-auto h-col-md-auto h-col-auto style-803-outer style-local-2308-c9-outer\">\n<div data-colibri-id=\"2308-c9\" class=\"d-flex h-flex-basis h-column__inner h-ui-empty-state-container h-px-lg-2 h-px-md-2 h-px-2 v-inner-lg-2 v-inner-md-2 v-inner-2 style-803 style-local-2308-c9 position-relative\">\n              <!----><br \/>\n              <!----><\/p>\n<div class=\"w-100 h-y-container h-column__content h-column__v-align flex-basis-100\">\n                <!---->\n              <\/div>\n<\/p>\n<\/div>\n<\/div>\n<\/div>\n<\/div>\n<\/div>\n<\/div>\n<\/div>","protected":false},"excerpt":{"rendered":"<p>1.osnovni te\u010daji trajanje 3 dni1,2,3 stopnje 250\u20ac po osebi. Trajanje 5 dni 4 stopnja izpit 250\u20ac po osebi 2 nadaljevalni te\u010daj trajanje 5 dni 1,2,3 stopnja 280\u20ac po osebi. Trajanje 5 dni 4 stopnja izpit 280\u20ac po osebi 3. S.E.R.E AIRSOFT 250\u20ac po osebi. Trajanje 3 dni 4. S.E.R.E AIRSOFT+ Pre\u017eivetje 250\u20ac po osebi. Trajanje [&hellip;]<\/p>\n","protected":false},"author":1,"featured_media":0,"parent":0,"menu_order":0,"comment_status":"closed","ping_status":"closed","template":"page-templates\/full-width-page.php","meta":{"saved_in_kubio":false,"footnotes":""},"class_list":["post-2308","page","type-page","status-publish","hentry"],"kubio_ai_page_context":{"short_desc":"","purpose":"general"},"_links":{"self":[{"href":"https:\/\/www.prezivetje.eu\/index.php\/wp-json\/wp\/v2\/pages\/2308","targetHints":{"allow":["GET"]}}],"collection":[{"href":"https:\/\/www.prezivetje.eu\/index.php\/wp-json\/wp\/v2\/pages"}],"about":[{"href":"https:\/\/www.prezivetje.eu\/index.php\/wp-json\/wp\/v2\/types\/page"}],"author":[{"embeddable":true,"href":"https:\/\/www.prezivetje.eu\/index.php\/wp-json\/wp\/v2\/users\/1"}],"replies":[{"embeddable":true,"href":"https:\/\/www.prezivetje.eu\/index.php\/wp-json\/wp\/v2\/comments?post=2308"}],"version-history":[{"count":0,"href":"https:\/\/www.prezivetje.eu\/index.php\/wp-json\/wp\/v2\/pages\/2308\/revisions"}],"wp:attachment":[{"href":"https:\/\/www.prezivetje.eu\/index.php\/wp-json\/wp\/v2\/media?parent=2308"}],"curies":[{"name":"wp","href":"https:\/\/api.w.org\/{rel}","templated":true}]}}