{"id":2352,"date":"2024-03-03T17:45:58","date_gmt":"2024-03-03T17:45:58","guid":{"rendered":"https:\/\/www.prezivetje.eu\/?page_id=2352"},"modified":"2025-05-26T20:49:10","modified_gmt":"2025-05-26T20:49:10","slug":"s-e-r-e-survival-evasion-resistance-escape","status":"publish","type":"page","link":"https:\/\/www.prezivetje.eu\/index.php\/s-e-r-e-survival-evasion-resistance-escape\/","title":{"rendered":"S.E.R.E Survival \u2013 Evasion \u2013 Resistance \u2013 Escape"},"content":{"rendered":"\n<p>CILJNE SKUPINE<\/p>\n\n\n\n<ul class=\"wp-block-list\">\n<li>PADALCI<\/li>\n\n\n\n<li>IZVIDNI\u0160KE IN GORSKE ENOTE<\/li>\n<\/ul>\n\n\n\n<p>\u2022Airsoft dru\u0161tva<\/p>\n\n\n\n<ul class=\"wp-block-list\">\n<li>RE\u0160EVALNE ENOTE<\/li>\n\n\n\n<li>KANDIDATI ZA \u010cASTNI\u0160KO \u0160OLO<\/li>\n\n\n\n<li>KANDIDATI IN IN\u0160TRUKTORJI V CENTRU ZA USPOSABLJANJE VOJSKE<\/li>\n\n\n\n<li>PROTITERORISTI\u010cNE ENOTE,<\/li>\n\n\n\n<li>ENOTE ZA PODPORO MISIJAM.<\/li>\n<\/ul>\n\n\n\n<p>Podro\u010dja usposabljanja:<\/p>\n\n\n\n<p>-SLOVENIJA,<br>\u2013 SREDOZEMLJE,<br>\u2013 ALPE.<\/p>\n\n\n\n<p>OSNOVNO (1 stopnja) 3dni<\/p>\n\n\n\n<p>OSNOVNI program<br>Razli\u010dna geografska obmo\u010dja v vseh letnih \u010dasih.<br>Gozd, suh in vro\u010d Kras, morje, Alpe<\/p>\n\n\n\n<p>NAPREDNO (2 stopnje) 5dni<\/p>\n\n\n\n<p>Razli\u010dna geografska obmo\u010dja v vseh letnih \u010dasih.<br>Gozd, suh in vro\u010d Kras, Alpe, Divje reke<\/p>\n\n\n\n<p>POSEBEN (3 stopnja) 10dni<\/p>\n\n\n\n<p>Gozd, suh in vro\u010d Kras, Alpe, Mo\u010dvirje, Divje reke<\/p>\n\n\n\n<ul class=\"wp-block-list\">\n<li>Trening morajo opraviti vsi udele\u017eenci, odstop ni dovoljen, je strogo prepovedan, razen v primeru kriti\u010dne po\u0161kodbe.<\/li>\n<\/ul>\n\n\n\n<p>Organizacija .<\/p>\n\n\n\n<p>Usposabljanje organiziramo na vseh mo\u017enih geografskih obmo\u010djih v Republiki Sloveniji.<\/p>\n\n\n\n<p>Trajanje<\/p>\n\n\n\n<p>Trajanje programov je lahko razli\u010dno in je odvisno od stopnje programa. Usposabljanje poteka 24 ur na dan neprekinjeno skozi celoten program, saj narava tovrstne dejavnosti to zahteva. Tretjo stopnjo nadaljevalnega programa in posebnega programa.<\/p>\n\n\n\n<p>POGOJI SODELOVANJA IN ODGOVORNOST V PROGRAMU<\/p>\n\n\n\n<ul class=\"wp-block-list\">\n<li>Kandidati se v program vklju\u010dijo na lastno odgovornost.<\/li>\n<\/ul>\n\n\n\n<p>Razlaga.<\/p>\n\n\n\n<ul class=\"wp-block-list\">\n<li>v primeru uporabe divje hrane ali zastrupitve z njo nosi polno odgovornost izvajalec.<\/li>\n\n\n\n<li>za nenamerne po\u0161kodbe ali druge bole\u010dine, povzro\u010dene med usposabljanjem, so v celoti odgovorni kandidati.<\/li>\n\n\n\n<li>odgovornost za napade ve\u010djih \u017eivali, kot so medvedi ali divji pra\u0161i\u010di, nosi vodja enote, ki mora ves \u010das nositi oro\u017eje s pravim nabojem.<\/li>\n\n\n\n<li>kandidati, ki se vklju\u010dijo v program, morajo biti takrat popolnoma zdravi.<\/li>\n\n\n\n<li>Enota mora zagotoviti popoln seznam kandidatovih alergij, nedavnih ali starej\u0161ih resnih telesnih po\u0161kodb.<\/li>\n\n\n\n<li>100 % sodelovanje sodelujo\u010dih enot z izvajalcem od za\u010detka do zaklju\u010dka usposabljanja.<\/li>\n<\/ul>\n\n\n\n<p>Program vklju\u010duje osnovne ve\u0161\u010dine:<\/p>\n\n\n\n<p>psiholo\u0161ki vpliv okolja na \u010dloveka<br>prepoznavanje koristnih rastlin<br>prepoznavanje \u017eivali<br>voda in druge koristne teko\u010dine<br>izdelava orodij, bivakov in zakloni\u0161\u010d<br>vse o strelnem<br>oro\u017eju izdelava<br>pasti in lovska<br>prehrana<\/p>\n","protected":false},"excerpt":{"rendered":"<p>CILJNE SKUPINE \u2022Airsoft dru\u0161tva Podro\u010dja usposabljanja: -SLOVENIJA,\u2013 SREDOZEMLJE,\u2013 ALPE. OSNOVNO (1 stopnja) 3dni OSNOVNI programRazli\u010dna geografska obmo\u010dja v vseh letnih \u010dasih.Gozd, suh in vro\u010d Kras, morje, Alpe NAPREDNO (2 stopnje) 5dni Razli\u010dna geografska obmo\u010dja v vseh letnih \u010dasih.Gozd, suh in vro\u010d Kras, Alpe, Divje reke POSEBEN (3 stopnja) 10dni Gozd, suh in vro\u010d Kras, Alpe, [&hellip;]<\/p>\n","protected":false},"author":1,"featured_media":0,"parent":0,"menu_order":0,"comment_status":"closed","ping_status":"closed","template":"","meta":{"saved_in_kubio":false,"footnotes":""},"class_list":["post-2352","page","type-page","status-publish","hentry"],"kubio_ai_page_context":{"short_desc":"","purpose":"general"},"_links":{"self":[{"href":"https:\/\/www.prezivetje.eu\/index.php\/wp-json\/wp\/v2\/pages\/2352","targetHints":{"allow":["GET"]}}],"collection":[{"href":"https:\/\/www.prezivetje.eu\/index.php\/wp-json\/wp\/v2\/pages"}],"about":[{"href":"https:\/\/www.prezivetje.eu\/index.php\/wp-json\/wp\/v2\/types\/page"}],"author":[{"embeddable":true,"href":"https:\/\/www.prezivetje.eu\/index.php\/wp-json\/wp\/v2\/users\/1"}],"replies":[{"embeddable":true,"href":"https:\/\/www.prezivetje.eu\/index.php\/wp-json\/wp\/v2\/comments?post=2352"}],"version-history":[{"count":0,"href":"https:\/\/www.prezivetje.eu\/index.php\/wp-json\/wp\/v2\/pages\/2352\/revisions"}],"wp:attachment":[{"href":"https:\/\/www.prezivetje.eu\/index.php\/wp-json\/wp\/v2\/media?parent=2352"}],"curies":[{"name":"wp","href":"https:\/\/api.w.org\/{rel}","templated":true}]}}