{"id":2355,"date":"2024-03-03T18:01:19","date_gmt":"2024-03-03T18:01:19","guid":{"rendered":"https:\/\/www.prezivetje.eu\/?page_id=2355"},"modified":"2024-03-03T18:01:19","modified_gmt":"2024-03-03T18:01:19","slug":"kakovost-storitev-sole-prezivetja","status":"publish","type":"page","link":"https:\/\/www.prezivetje.eu\/index.php\/kakovost-storitev-sole-prezivetja\/","title":{"rendered":"Kakovost storitev \u0160ole Pre\u017eivetja"},"content":{"rendered":"\n<p>KATERIH VE\u0160\u010cIN SE BOSTE NAU\u010cILI<\/p>\n\n\n\n<p>STRES<\/p>\n\n\n\n<figure class=\"wp-block-image size-full\"><img loading=\"lazy\" decoding=\"async\" width=\"100\" height=\"100\" data-src=\"https:\/\/www.prezivetje.eu\/wp-content\/uploads\/2024\/03\/stres.png\" alt=\"\" class=\"wp-image-2358 lazyload\" src=\"data:image\/gif;base64,R0lGODlhAQABAAAAACH5BAEKAAEALAAAAAABAAEAAAICTAEAOw==\" style=\"--smush-placeholder-width: 100px; --smush-placeholder-aspect-ratio: 100\/100;\" \/><noscript><img loading=\"lazy\" decoding=\"async\" width=\"100\" height=\"100\" src=\"https:\/\/www.prezivetje.eu\/wp-content\/uploads\/2024\/03\/stres.png\" alt=\"\" class=\"wp-image-2358\"\/><\/noscript><\/figure>\n\n\n\n<p>VODA<\/p>\n\n\n\n<figure class=\"wp-block-image size-full\"><img loading=\"lazy\" decoding=\"async\" width=\"100\" height=\"100\" data-src=\"https:\/\/www.prezivetje.eu\/wp-content\/uploads\/2024\/03\/voda-1.png\" alt=\"\" class=\"wp-image-2359 lazyload\" src=\"data:image\/gif;base64,R0lGODlhAQABAAAAACH5BAEKAAEALAAAAAABAAEAAAICTAEAOw==\" style=\"--smush-placeholder-width: 100px; --smush-placeholder-aspect-ratio: 100\/100;\" \/><noscript><img loading=\"lazy\" decoding=\"async\" width=\"100\" height=\"100\" src=\"https:\/\/www.prezivetje.eu\/wp-content\/uploads\/2024\/03\/voda-1.png\" alt=\"\" class=\"wp-image-2359\"\/><\/noscript><\/figure>\n\n\n\n<p>OGENJ<\/p>\n\n\n\n<figure class=\"wp-block-image size-full\"><img loading=\"lazy\" decoding=\"async\" width=\"100\" height=\"100\" data-src=\"https:\/\/www.prezivetje.eu\/wp-content\/uploads\/2024\/03\/rastline-1.png\" alt=\"\" class=\"wp-image-2360 lazyload\" src=\"data:image\/gif;base64,R0lGODlhAQABAAAAACH5BAEKAAEALAAAAAABAAEAAAICTAEAOw==\" style=\"--smush-placeholder-width: 100px; --smush-placeholder-aspect-ratio: 100\/100;\" \/><noscript><img loading=\"lazy\" decoding=\"async\" width=\"100\" height=\"100\" src=\"https:\/\/www.prezivetje.eu\/wp-content\/uploads\/2024\/03\/rastline-1.png\" alt=\"\" class=\"wp-image-2360\"\/><\/noscript><\/figure>\n\n\n\n<p>RASTLINE<\/p>\n\n\n\n<figure class=\"wp-block-image size-full\"><img loading=\"lazy\" decoding=\"async\" width=\"100\" height=\"100\" data-src=\"https:\/\/www.prezivetje.eu\/wp-content\/uploads\/2024\/03\/rastline-2-1.png\" alt=\"\" class=\"wp-image-2361 lazyload\" src=\"data:image\/gif;base64,R0lGODlhAQABAAAAACH5BAEKAAEALAAAAAABAAEAAAICTAEAOw==\" style=\"--smush-placeholder-width: 100px; --smush-placeholder-aspect-ratio: 100\/100;\" \/><noscript><img loading=\"lazy\" decoding=\"async\" width=\"100\" height=\"100\" src=\"https:\/\/www.prezivetje.eu\/wp-content\/uploads\/2024\/03\/rastline-2-1.png\" alt=\"\" class=\"wp-image-2361\"\/><\/noscript><\/figure>\n\n\n\n<p>GOBE<\/p>\n\n\n\n<figure class=\"wp-block-image size-full\"><img loading=\"lazy\" decoding=\"async\" width=\"100\" height=\"100\" data-src=\"https:\/\/www.prezivetje.eu\/wp-content\/uploads\/2024\/03\/gobe.png\" alt=\"\" class=\"wp-image-2362 lazyload\" src=\"data:image\/gif;base64,R0lGODlhAQABAAAAACH5BAEKAAEALAAAAAABAAEAAAICTAEAOw==\" style=\"--smush-placeholder-width: 100px; --smush-placeholder-aspect-ratio: 100\/100;\" \/><noscript><img loading=\"lazy\" decoding=\"async\" width=\"100\" height=\"100\" src=\"https:\/\/www.prezivetje.eu\/wp-content\/uploads\/2024\/03\/gobe.png\" alt=\"\" class=\"wp-image-2362\"\/><\/noscript><\/figure>\n\n\n\n<p>\u017dIVALI<\/p>\n\n\n\n<figure class=\"wp-block-image size-full\"><img loading=\"lazy\" decoding=\"async\" width=\"100\" height=\"100\" data-src=\"https:\/\/www.prezivetje.eu\/wp-content\/uploads\/2024\/03\/voda-2.png\" alt=\"\" class=\"wp-image-2363 lazyload\" src=\"data:image\/gif;base64,R0lGODlhAQABAAAAACH5BAEKAAEALAAAAAABAAEAAAICTAEAOw==\" style=\"--smush-placeholder-width: 100px; --smush-placeholder-aspect-ratio: 100\/100;\" \/><noscript><img loading=\"lazy\" decoding=\"async\" width=\"100\" height=\"100\" src=\"https:\/\/www.prezivetje.eu\/wp-content\/uploads\/2024\/03\/voda-2.png\" alt=\"\" class=\"wp-image-2363\"\/><\/noscript><\/figure>\n\n\n\n<p>RIBOLOV<\/p>\n\n\n\n<figure class=\"wp-block-image size-full\"><img loading=\"lazy\" decoding=\"async\" width=\"100\" height=\"100\" data-src=\"https:\/\/www.prezivetje.eu\/wp-content\/uploads\/2024\/03\/ribolov.png\" alt=\"\" class=\"wp-image-2364 lazyload\" src=\"data:image\/gif;base64,R0lGODlhAQABAAAAACH5BAEKAAEALAAAAAABAAEAAAICTAEAOw==\" style=\"--smush-placeholder-width: 100px; --smush-placeholder-aspect-ratio: 100\/100;\" \/><noscript><img loading=\"lazy\" decoding=\"async\" width=\"100\" height=\"100\" src=\"https:\/\/www.prezivetje.eu\/wp-content\/uploads\/2024\/03\/ribolov.png\" alt=\"\" class=\"wp-image-2364\"\/><\/noscript><\/figure>\n\n\n\n<p>ZAVETI\u0160\u010cE<\/p>\n\n\n\n<figure class=\"wp-block-image size-full\"><img loading=\"lazy\" decoding=\"async\" width=\"100\" height=\"100\" data-src=\"https:\/\/www.prezivetje.eu\/wp-content\/uploads\/2024\/03\/zavetisca.png\" alt=\"\" class=\"wp-image-2365 lazyload\" src=\"data:image\/gif;base64,R0lGODlhAQABAAAAACH5BAEKAAEALAAAAAABAAEAAAICTAEAOw==\" style=\"--smush-placeholder-width: 100px; --smush-placeholder-aspect-ratio: 100\/100;\" \/><noscript><img loading=\"lazy\" decoding=\"async\" width=\"100\" height=\"100\" src=\"https:\/\/www.prezivetje.eu\/wp-content\/uploads\/2024\/03\/zavetisca.png\" alt=\"\" class=\"wp-image-2365\"\/><\/noscript><\/figure>\n\n\n\n<p>ORODJE<\/p>\n\n\n\n<figure class=\"wp-block-image size-full\"><img loading=\"lazy\" decoding=\"async\" width=\"100\" height=\"100\" data-src=\"https:\/\/www.prezivetje.eu\/wp-content\/uploads\/2024\/03\/orodje-in-oprema.png\" alt=\"\" class=\"wp-image-2371 lazyload\" src=\"data:image\/gif;base64,R0lGODlhAQABAAAAACH5BAEKAAEALAAAAAABAAEAAAICTAEAOw==\" style=\"--smush-placeholder-width: 100px; --smush-placeholder-aspect-ratio: 100\/100;\" \/><noscript><img loading=\"lazy\" decoding=\"async\" width=\"100\" height=\"100\" src=\"https:\/\/www.prezivetje.eu\/wp-content\/uploads\/2024\/03\/orodje-in-oprema.png\" alt=\"\" class=\"wp-image-2371\"\/><\/noscript><\/figure>\n\n\n\n<p>IMPROVIZACIJE<\/p>\n\n\n\n<figure class=\"wp-block-image size-full\"><img loading=\"lazy\" decoding=\"async\" width=\"100\" height=\"100\" data-src=\"https:\/\/www.prezivetje.eu\/wp-content\/uploads\/2024\/03\/weapons2-1.png\" alt=\"\" class=\"wp-image-2367 lazyload\" src=\"data:image\/gif;base64,R0lGODlhAQABAAAAACH5BAEKAAEALAAAAAABAAEAAAICTAEAOw==\" style=\"--smush-placeholder-width: 100px; --smush-placeholder-aspect-ratio: 100\/100;\" \/><noscript><img loading=\"lazy\" decoding=\"async\" width=\"100\" height=\"100\" src=\"https:\/\/www.prezivetje.eu\/wp-content\/uploads\/2024\/03\/weapons2-1.png\" alt=\"\" class=\"wp-image-2367\"\/><\/noscript><\/figure>\n\n\n\n<p>NAVIGACIJA<\/p>\n\n\n\n<figure class=\"wp-block-image size-full\"><img loading=\"lazy\" decoding=\"async\" width=\"100\" height=\"100\" data-src=\"https:\/\/www.prezivetje.eu\/wp-content\/uploads\/2024\/03\/kompas.png\" alt=\"\" class=\"wp-image-2374 lazyload\" src=\"data:image\/gif;base64,R0lGODlhAQABAAAAACH5BAEKAAEALAAAAAABAAEAAAICTAEAOw==\" style=\"--smush-placeholder-width: 100px; --smush-placeholder-aspect-ratio: 100\/100;\" \/><noscript><img loading=\"lazy\" decoding=\"async\" width=\"100\" height=\"100\" src=\"https:\/\/www.prezivetje.eu\/wp-content\/uploads\/2024\/03\/kompas.png\" alt=\"\" class=\"wp-image-2374\"\/><\/noscript><\/figure>\n\n\n\n<p>LOV<\/p>\n\n\n\n<figure class=\"wp-block-image size-full\"><img loading=\"lazy\" decoding=\"async\" width=\"100\" height=\"100\" data-src=\"https:\/\/www.prezivetje.eu\/wp-content\/uploads\/2024\/03\/lov.png\" alt=\"\" class=\"wp-image-2369 lazyload\" src=\"data:image\/gif;base64,R0lGODlhAQABAAAAACH5BAEKAAEALAAAAAABAAEAAAICTAEAOw==\" style=\"--smush-placeholder-width: 100px; --smush-placeholder-aspect-ratio: 100\/100;\" \/><noscript><img loading=\"lazy\" decoding=\"async\" width=\"100\" height=\"100\" src=\"https:\/\/www.prezivetje.eu\/wp-content\/uploads\/2024\/03\/lov.png\" alt=\"\" class=\"wp-image-2369\"\/><\/noscript><\/figure>\n\n\n\n<p>ORO\u017dJE<\/p>\n\n\n\n<figure class=\"wp-block-image size-full\"><img loading=\"lazy\" decoding=\"async\" width=\"100\" height=\"100\" data-src=\"https:\/\/www.prezivetje.eu\/wp-content\/uploads\/2024\/03\/weapons2-2.png\" alt=\"\" class=\"wp-image-2373 lazyload\" src=\"data:image\/gif;base64,R0lGODlhAQABAAAAACH5BAEKAAEALAAAAAABAAEAAAICTAEAOw==\" style=\"--smush-placeholder-width: 100px; --smush-placeholder-aspect-ratio: 100\/100;\" \/><noscript><img loading=\"lazy\" decoding=\"async\" width=\"100\" height=\"100\" src=\"https:\/\/www.prezivetje.eu\/wp-content\/uploads\/2024\/03\/weapons2-2.png\" alt=\"\" class=\"wp-image-2373\"\/><\/noscript><\/figure>\n\n\n\n<p>PASTI<\/p>\n\n\n\n<figure class=\"wp-block-image size-full\"><img loading=\"lazy\" decoding=\"async\" width=\"100\" height=\"100\" data-src=\"https:\/\/www.prezivetje.eu\/wp-content\/uploads\/2024\/03\/pasti.png\" alt=\"\" class=\"wp-image-2370 lazyload\" src=\"data:image\/gif;base64,R0lGODlhAQABAAAAACH5BAEKAAEALAAAAAABAAEAAAICTAEAOw==\" style=\"--smush-placeholder-width: 100px; --smush-placeholder-aspect-ratio: 100\/100;\" \/><noscript><img loading=\"lazy\" decoding=\"async\" width=\"100\" height=\"100\" src=\"https:\/\/www.prezivetje.eu\/wp-content\/uploads\/2024\/03\/pasti.png\" alt=\"\" class=\"wp-image-2370\"\/><\/noscript><\/figure>\n\n\n\n<p>NEVARNOST<\/p>\n\n\n\n<figure class=\"wp-block-image size-full\"><img loading=\"lazy\" decoding=\"async\" width=\"100\" height=\"100\" data-src=\"https:\/\/www.prezivetje.eu\/wp-content\/uploads\/2024\/03\/nevarnost.png\" alt=\"\" class=\"wp-image-2372 lazyload\" src=\"data:image\/gif;base64,R0lGODlhAQABAAAAACH5BAEKAAEALAAAAAABAAEAAAICTAEAOw==\" style=\"--smush-placeholder-width: 100px; --smush-placeholder-aspect-ratio: 100\/100;\" \/><noscript><img loading=\"lazy\" decoding=\"async\" width=\"100\" height=\"100\" src=\"https:\/\/www.prezivetje.eu\/wp-content\/uploads\/2024\/03\/nevarnost.png\" alt=\"\" class=\"wp-image-2372\"\/><\/noscript><\/figure>\n\n\n\n<p>ogrevanje<\/p>\n\n\n\n<figure class=\"wp-block-image size-full\"><img loading=\"lazy\" decoding=\"async\" width=\"100\" height=\"100\" data-src=\"https:\/\/www.prezivetje.eu\/wp-content\/uploads\/2024\/03\/ogrevanje.png\" alt=\"\" class=\"wp-image-2375 lazyload\" src=\"data:image\/gif;base64,R0lGODlhAQABAAAAACH5BAEKAAEALAAAAAABAAEAAAICTAEAOw==\" style=\"--smush-placeholder-width: 100px; --smush-placeholder-aspect-ratio: 100\/100;\" \/><noscript><img loading=\"lazy\" decoding=\"async\" width=\"100\" height=\"100\" src=\"https:\/\/www.prezivetje.eu\/wp-content\/uploads\/2024\/03\/ogrevanje.png\" alt=\"\" class=\"wp-image-2375\"\/><\/noscript><\/figure>\n","protected":false},"excerpt":{"rendered":"<p>KATERIH VE\u0160\u010cIN SE BOSTE NAU\u010cILI STRES VODA OGENJ RASTLINE GOBE \u017dIVALI RIBOLOV ZAVETI\u0160\u010cE ORODJE IMPROVIZACIJE NAVIGACIJA LOV ORO\u017dJE PASTI NEVARNOST ogrevanje<\/p>\n","protected":false},"author":1,"featured_media":0,"parent":0,"menu_order":0,"comment_status":"closed","ping_status":"closed","template":"","meta":{"saved_in_kubio":false,"footnotes":""},"class_list":["post-2355","page","type-page","status-publish","hentry"],"kubio_ai_page_context":{"short_desc":"","purpose":"general"},"_links":{"self":[{"href":"https:\/\/www.prezivetje.eu\/index.php\/wp-json\/wp\/v2\/pages\/2355","targetHints":{"allow":["GET"]}}],"collection":[{"href":"https:\/\/www.prezivetje.eu\/index.php\/wp-json\/wp\/v2\/pages"}],"about":[{"href":"https:\/\/www.prezivetje.eu\/index.php\/wp-json\/wp\/v2\/types\/page"}],"author":[{"embeddable":true,"href":"https:\/\/www.prezivetje.eu\/index.php\/wp-json\/wp\/v2\/users\/1"}],"replies":[{"embeddable":true,"href":"https:\/\/www.prezivetje.eu\/index.php\/wp-json\/wp\/v2\/comments?post=2355"}],"version-history":[{"count":0,"href":"https:\/\/www.prezivetje.eu\/index.php\/wp-json\/wp\/v2\/pages\/2355\/revisions"}],"wp:attachment":[{"href":"https:\/\/www.prezivetje.eu\/index.php\/wp-json\/wp\/v2\/media?parent=2355"}],"curies":[{"name":"wp","href":"https:\/\/api.w.org\/{rel}","templated":true}]}}