{"id":62,"date":"2022-12-25T12:36:58","date_gmt":"2022-12-25T12:36:58","guid":{"rendered":"http:\/\/www.prezivetje.eu\/?page_id=62"},"modified":"2022-12-28T13:59:57","modified_gmt":"2022-12-28T13:59:57","slug":"oprema-tecajnikov","status":"publish","type":"page","link":"https:\/\/www.prezivetje.eu\/index.php\/oprema-tecajnikov\/","title":{"rendered":"Oprema te\u010dajnikov"},"content":{"rendered":"\n<h1 class=\"has-colibri-color-4-color has-colibri-color-6-background-color has-text-color has-background wp-block-heading\">Oprema<\/h1>\n\n\n\n<p class=\"has-colibri-color-2-color has-colibri-color-6-background-color has-text-color has-background\">Obvezna oprema:<br>&nbsp;&nbsp;-\u017depni no\u017e<br>&nbsp;&nbsp;-Preklopna \u017eaga<br>&nbsp;&nbsp;-Basha (\u0161otorsko krilo)<\/p>\n\n\n\n<p class=\"has-colibri-color-2-color has-colibri-color-6-background-color has-text-color has-background\">Za\u017eelena oprema:<br>&nbsp;&nbsp;-Naglavna svetilka<br>&nbsp;&nbsp;-Spalna podloga<br>&nbsp;&nbsp;-Spalna vre\u010da<br>&nbsp;&#8211;&nbsp;Rezervna spodnja obla\u010dila<br>&nbsp;&nbsp;-Vodoodporna obla\u010dila<br>&nbsp;&nbsp;-Termo obla\u010dila<br>&nbsp;&nbsp;-Higienski set<br>&nbsp;&nbsp;-Uhojena pohodna obutev<br>&nbsp;&nbsp;-Nahrbtnik<\/p>\n\n\n\n<p class=\"has-colibri-color-2-color has-colibri-color-6-background-color has-text-color has-background\">Dodatna oprema:<br>&nbsp;&nbsp;-Vrvica Paracord \u2013 3mm \/ 5 m<br>&nbsp;-Vrv iz naravnih vlaken Motvoz \u2013 3mm \/ 1 kolut<br>&nbsp;-Kuhalno jedilni set \u2013 mena\u017eka<br>&nbsp;&#8211;&nbsp;Kosti poginulih divjih \u017eivali (golenice ali stegnenice) ali rogovi jelenjadi<br>&nbsp;&nbsp;-\u00bd litra drevesne smole (Smreka)<br>&nbsp;&#8211;&nbsp;Bele\u017eka in svin\u010dnik<\/p>\n","protected":false},"excerpt":{"rendered":"<p>Oprema Obvezna oprema:&nbsp;&nbsp;-\u017depni no\u017e&nbsp;&nbsp;-Preklopna \u017eaga&nbsp;&nbsp;-Basha (\u0161otorsko krilo) Za\u017eelena oprema:&nbsp;&nbsp;-Naglavna svetilka&nbsp;&nbsp;-Spalna podloga&nbsp;&nbsp;-Spalna vre\u010da&nbsp;&#8211;&nbsp;Rezervna spodnja obla\u010dila&nbsp;&nbsp;-Vodoodporna obla\u010dila&nbsp;&nbsp;-Termo obla\u010dila&nbsp;&nbsp;-Higienski set&nbsp;&nbsp;-Uhojena pohodna obutev&nbsp;&nbsp;-Nahrbtnik Dodatna oprema:&nbsp;&nbsp;-Vrvica Paracord \u2013 3mm \/ 5 m&nbsp;-Vrv iz naravnih vlaken Motvoz \u2013 3mm \/ 1 kolut&nbsp;-Kuhalno jedilni set \u2013 mena\u017eka&nbsp;&#8211;&nbsp;Kosti poginulih divjih \u017eivali (golenice ali stegnenice) ali rogovi jelenjadi&nbsp;&nbsp;-\u00bd litra drevesne smole (Smreka)&nbsp;&#8211;&nbsp;Bele\u017eka in svin\u010dnik<\/p>\n","protected":false},"author":1,"featured_media":0,"parent":0,"menu_order":0,"comment_status":"closed","ping_status":"closed","template":"","meta":{"saved_in_kubio":false,"footnotes":""},"class_list":["post-62","page","type-page","status-publish","hentry"],"kubio_ai_page_context":{"short_desc":"","purpose":"general"},"_links":{"self":[{"href":"https:\/\/www.prezivetje.eu\/index.php\/wp-json\/wp\/v2\/pages\/62","targetHints":{"allow":["GET"]}}],"collection":[{"href":"https:\/\/www.prezivetje.eu\/index.php\/wp-json\/wp\/v2\/pages"}],"about":[{"href":"https:\/\/www.prezivetje.eu\/index.php\/wp-json\/wp\/v2\/types\/page"}],"author":[{"embeddable":true,"href":"https:\/\/www.prezivetje.eu\/index.php\/wp-json\/wp\/v2\/users\/1"}],"replies":[{"embeddable":true,"href":"https:\/\/www.prezivetje.eu\/index.php\/wp-json\/wp\/v2\/comments?post=62"}],"version-history":[{"count":0,"href":"https:\/\/www.prezivetje.eu\/index.php\/wp-json\/wp\/v2\/pages\/62\/revisions"}],"wp:attachment":[{"href":"https:\/\/www.prezivetje.eu\/index.php\/wp-json\/wp\/v2\/media?parent=62"}],"curies":[{"name":"wp","href":"https:\/\/api.w.org\/{rel}","templated":true}]}}