{"id":68,"date":"2022-12-25T12:38:28","date_gmt":"2022-12-25T12:38:28","guid":{"rendered":"http:\/\/www.prezivetje.eu\/?page_id=68"},"modified":"2024-01-24T17:13:03","modified_gmt":"2024-01-24T17:13:03","slug":"povprasevanje","status":"publish","type":"page","link":"https:\/\/www.prezivetje.eu\/index.php\/povprasevanje\/","title":{"rendered":"Povpra\u0161evanje"},"content":{"rendered":"\n<p class=\"has-colibri-color-1-background-color has-text-color has-background has-large-font-size\" style=\"color:#e80000\">Na povpra\u0161evanje je mo\u017eno dobiti razli\u010dne izdelke. \u010cas dobave nekaj dni <\/p>\n\n\n\n<p class=\"has-colibri-color-1-color has-colibri-color-6-background-color has-text-color has-background\">\u010dutare<\/p>\n\n\n\n<p class=\"has-colibri-color-1-color has-colibri-color-6-background-color has-text-color has-background\">kamp mre\u017ee za peko male<\/p>\n\n\n\n<p class=\"has-colibri-color-1-color has-colibri-color-6-background-color has-text-color has-background\">no\u017ei<\/p>\n\n\n\n<p class=\"has-colibri-color-1-color has-colibri-color-6-background-color has-text-color has-background\">re\u0161evalna folija<\/p>\n\n\n\n<p class=\"has-colibri-color-1-color has-colibri-color-6-background-color has-text-color has-background\">posoda za kuhanje<\/p>\n\n\n\n<p class=\"has-colibri-color-1-color has-colibri-color-6-background-color has-text-color has-background\">nahrbtniki do 35L ali 40-85L<\/p>\n\n\n\n<p class=\"has-colibri-color-1-color has-colibri-color-6-background-color has-text-color has-background\">kresila<\/p>\n\n\n\n<p class=\"has-colibri-color-1-color has-colibri-color-6-background-color has-text-color has-background\">mehi za vodo<\/p>\n\n\n\n<p class=\"has-colibri-color-1-color has-colibri-color-6-background-color has-text-color has-background\">gama\u0161e<\/p>\n\n\n\n<p class=\"has-colibri-color-1-color has-colibri-color-6-background-color has-text-color has-background\">kape<\/p>\n\n\n\n<p class=\"has-colibri-color-1-color has-colibri-color-6-background-color has-text-color has-background\">podkape<\/p>\n\n\n\n<p class=\"has-colibri-color-1-color has-colibri-color-6-background-color has-text-color has-background\">rokavice<\/p>\n\n\n\n<p class=\"has-colibri-color-1-color has-colibri-color-6-background-color has-text-color has-background\">Padalska vrvica Paracord itd\u2026<\/p>\n\n\n\n<p class=\"has-colibri-color-1-color has-colibri-color-6-background-color has-text-color has-background\">spalne vre\u010de in podloge<\/p>\n\n\n\n<p class=\"has-colibri-color-1-color has-colibri-color-6-background-color has-text-color has-background\">vise\u010de mre\u017ee<\/p>\n\n\n\n<p class=\"has-colibri-color-1-color has-colibri-color-6-background-color has-text-color has-background\">\u0161otorska krila<\/p>\n\n\n\n<p class=\"has-colibri-color-1-color has-colibri-color-6-background-color has-text-color has-background\">camp hrana<\/p>\n\n\n\n<p class=\"has-colibri-color-5-color has-colibri-color-6-background-color has-text-color has-background\">Hita dobava natur<\/p>\n\n\n\n<p class=\"has-colibri-color-4-color has-colibri-color-6-background-color has-text-color has-background\">smreko smola<\/p>\n\n\n\n<p class=\"has-colibri-color-4-color has-colibri-color-6-background-color has-text-color has-background\">olje iz breze<\/p>\n\n\n\n<p class=\"has-colibri-color-4-color has-colibri-color-6-background-color has-text-color has-background\">smrekove smolne pal\u010dke lesene ali iz lubja<\/p>\n\n\n\n<p class=\"has-colibri-color-4-color has-colibri-color-6-background-color has-text-color has-background\">zoglenela netiva<\/p>\n\n\n\n<p class=\"has-colibri-color-4-color has-colibri-color-6-background-color has-text-color has-background\">netiva<\/p>\n\n\n\n<p class=\"has-colibri-color-4-color has-colibri-color-6-background-color has-text-color has-background\">naravi \u010daji<\/p>\n\n\n\n<p><\/p>\n\n\n\n<p><\/p>\n\n\n\n<div class=\"wp-block-cover alignfull has-white-color has-text-color\" style=\"margin-top:0;padding-top:4vw;padding-right:4vw;padding-bottom:4vw;padding-left:4vw;min-height:66vh;aspect-ratio:unset;\"><span aria-hidden=\"true\" class=\"wp-block-cover__background has-black-background-color has-background-dim-100 has-background-dim\"><\/span><div class=\"wp-block-cover__inner-container is-layout-flow wp-block-cover-is-layout-flow\">\n<p>cena majice je 30\u20ac za kos Koda za popust je PRE\u017dIVETJE<\/p>\n\n\n\n<p>Majice lahko naro\u010dite pri meni ali pa kontaktirate podjetje, ki prodaja moje majice in jih tudi izdeluje. Se pravi vsak, ki vpi\u0161e kodo\u00a0<strong>PRE\u017dIVETJE<\/strong>\u00a0ima pri podjetju T-Majice20% popusta pri nakupu. Za te klubske majice<\/p>\n\n\n\n<p>sodelujemo z\u00a0<a href=\"https:\/\/www.t-majice.si\/?fbclid=IwAR1AQAbIE0JtiG39aQx86SrNRVf-oQVgRN2-wv_IrT5TJVFKoj2tbhhJr-E\" target=\"_blank\" rel=\"noreferrer noopener\">https:\/\/www.t-majice.si\/<\/a><\/p>\n<\/div><\/div>\n\n\n\n<p><\/p>\n\n\n\n<figure class=\"wp-block-gallery has-nested-images columns-default is-cropped wp-block-gallery-1 is-layout-flex wp-block-gallery-is-layout-flex\">\n<figure class=\"wp-block-image size-large\"><img loading=\"lazy\" decoding=\"async\" width=\"778\" height=\"660\" data-id=\"2173\" data-src=\"https:\/\/www.prezivetje.eu\/wp-content\/uploads\/2024\/01\/419466114_255102210940993_9104595987432564051_n.png\" alt=\"\" class=\"wp-image-2173 lazyload\" data-srcset=\"https:\/\/www.prezivetje.eu\/wp-content\/uploads\/2024\/01\/419466114_255102210940993_9104595987432564051_n.png 778w, https:\/\/www.prezivetje.eu\/wp-content\/uploads\/2024\/01\/419466114_255102210940993_9104595987432564051_n-300x254.png 300w, https:\/\/www.prezivetje.eu\/wp-content\/uploads\/2024\/01\/419466114_255102210940993_9104595987432564051_n-768x652.png 768w\" data-sizes=\"(max-width: 778px) 100vw, 778px\" src=\"data:image\/gif;base64,R0lGODlhAQABAAAAACH5BAEKAAEALAAAAAABAAEAAAICTAEAOw==\" style=\"--smush-placeholder-width: 778px; --smush-placeholder-aspect-ratio: 778\/660;\" \/><noscript><img loading=\"lazy\" decoding=\"async\" width=\"778\" height=\"660\" data-id=\"2173\" src=\"https:\/\/www.prezivetje.eu\/wp-content\/uploads\/2024\/01\/419466114_255102210940993_9104595987432564051_n.png\" alt=\"\" class=\"wp-image-2173\" srcset=\"https:\/\/www.prezivetje.eu\/wp-content\/uploads\/2024\/01\/419466114_255102210940993_9104595987432564051_n.png 778w, https:\/\/www.prezivetje.eu\/wp-content\/uploads\/2024\/01\/419466114_255102210940993_9104595987432564051_n-300x254.png 300w, https:\/\/www.prezivetje.eu\/wp-content\/uploads\/2024\/01\/419466114_255102210940993_9104595987432564051_n-768x652.png 768w\" sizes=\"(max-width: 778px) 100vw, 778px\" \/><\/noscript><figcaption class=\"wp-element-caption\">30\u20ac<\/figcaption><\/figure>\n\n\n\n<figure class=\"wp-block-image size-large\"><img loading=\"lazy\" decoding=\"async\" width=\"783\" height=\"678\" data-id=\"2174\" data-src=\"https:\/\/www.prezivetje.eu\/wp-content\/uploads\/2024\/01\/420055625_786880490150891_1887655707608254801_n.png\" alt=\"\" class=\"wp-image-2174 lazyload\" data-srcset=\"https:\/\/www.prezivetje.eu\/wp-content\/uploads\/2024\/01\/420055625_786880490150891_1887655707608254801_n.png 783w, https:\/\/www.prezivetje.eu\/wp-content\/uploads\/2024\/01\/420055625_786880490150891_1887655707608254801_n-300x260.png 300w, https:\/\/www.prezivetje.eu\/wp-content\/uploads\/2024\/01\/420055625_786880490150891_1887655707608254801_n-768x665.png 768w\" data-sizes=\"(max-width: 783px) 100vw, 783px\" src=\"data:image\/gif;base64,R0lGODlhAQABAAAAACH5BAEKAAEALAAAAAABAAEAAAICTAEAOw==\" style=\"--smush-placeholder-width: 783px; --smush-placeholder-aspect-ratio: 783\/678;\" \/><noscript><img loading=\"lazy\" decoding=\"async\" width=\"783\" height=\"678\" data-id=\"2174\" src=\"https:\/\/www.prezivetje.eu\/wp-content\/uploads\/2024\/01\/420055625_786880490150891_1887655707608254801_n.png\" alt=\"\" class=\"wp-image-2174\" srcset=\"https:\/\/www.prezivetje.eu\/wp-content\/uploads\/2024\/01\/420055625_786880490150891_1887655707608254801_n.png 783w, https:\/\/www.prezivetje.eu\/wp-content\/uploads\/2024\/01\/420055625_786880490150891_1887655707608254801_n-300x260.png 300w, https:\/\/www.prezivetje.eu\/wp-content\/uploads\/2024\/01\/420055625_786880490150891_1887655707608254801_n-768x665.png 768w\" sizes=\"(max-width: 783px) 100vw, 783px\" \/><\/noscript><figcaption class=\"wp-element-caption\">30\u20ac<\/figcaption><\/figure>\n<\/figure>\n","protected":false},"excerpt":{"rendered":"<p>Na povpra\u0161evanje je mo\u017eno dobiti razli\u010dne izdelke. \u010cas dobave nekaj dni \u010dutare kamp mre\u017ee za peko male no\u017ei re\u0161evalna folija posoda za kuhanje nahrbtniki do 35L ali 40-85L kresila mehi za vodo gama\u0161e kape podkape rokavice Padalska vrvica Paracord itd\u2026 spalne vre\u010de in podloge vise\u010de mre\u017ee \u0161otorska krila camp hrana Hita dobava natur smreko smola [&hellip;]<\/p>\n","protected":false},"author":1,"featured_media":1604,"parent":0,"menu_order":0,"comment_status":"closed","ping_status":"closed","template":"","meta":{"saved_in_kubio":false,"footnotes":""},"class_list":["post-68","page","type-page","status-publish","has-post-thumbnail","hentry"],"kubio_ai_page_context":{"short_desc":"","purpose":"general"},"_links":{"self":[{"href":"https:\/\/www.prezivetje.eu\/index.php\/wp-json\/wp\/v2\/pages\/68","targetHints":{"allow":["GET"]}}],"collection":[{"href":"https:\/\/www.prezivetje.eu\/index.php\/wp-json\/wp\/v2\/pages"}],"about":[{"href":"https:\/\/www.prezivetje.eu\/index.php\/wp-json\/wp\/v2\/types\/page"}],"author":[{"embeddable":true,"href":"https:\/\/www.prezivetje.eu\/index.php\/wp-json\/wp\/v2\/users\/1"}],"replies":[{"embeddable":true,"href":"https:\/\/www.prezivetje.eu\/index.php\/wp-json\/wp\/v2\/comments?post=68"}],"version-history":[{"count":0,"href":"https:\/\/www.prezivetje.eu\/index.php\/wp-json\/wp\/v2\/pages\/68\/revisions"}],"wp:featuredmedia":[{"embeddable":true,"href":"https:\/\/www.prezivetje.eu\/index.php\/wp-json\/wp\/v2\/media\/1604"}],"wp:attachment":[{"href":"https:\/\/www.prezivetje.eu\/index.php\/wp-json\/wp\/v2\/media?parent=68"}],"curies":[{"name":"wp","href":"https:\/\/api.w.org\/{rel}","templated":true}]}}