{"id":727,"date":"2022-12-27T22:30:19","date_gmt":"2022-12-27T22:30:19","guid":{"rendered":"https:\/\/www.prezivetje.eu\/?page_id=727"},"modified":"2025-10-14T14:12:56","modified_gmt":"2025-10-14T14:12:56","slug":"s-s-t-s","status":"publish","type":"page","link":"https:\/\/www.prezivetje.eu\/index.php\/s-s-t-s\/","title":{"rendered":"\u0160ola Pre\u017eivetja"},"content":{"rendered":"\n<p class=\"has-text-align-center\"><\/p>\n\n\n<div class=\"wp-block-image\">\n<figure class=\"aligncenter size-full is-resized\"><img loading=\"lazy\" decoding=\"async\" width=\"470\" height=\"470\" data-src=\"https:\/\/www.prezivetje.eu\/wp-content\/uploads\/2022\/12\/SSTS_transparent2-1.png\" alt=\"\" class=\"wp-image-776 lazyload\" style=\"--smush-placeholder-width: 470px; --smush-placeholder-aspect-ratio: 470\/470;width:301px;height:301px\" data-srcset=\"https:\/\/www.prezivetje.eu\/wp-content\/uploads\/2022\/12\/SSTS_transparent2-1.png 470w, https:\/\/www.prezivetje.eu\/wp-content\/uploads\/2022\/12\/SSTS_transparent2-1-300x300.png 300w, https:\/\/www.prezivetje.eu\/wp-content\/uploads\/2022\/12\/SSTS_transparent2-1-150x150.png 150w\" data-sizes=\"(max-width: 470px) 100vw, 470px\" src=\"data:image\/gif;base64,R0lGODlhAQABAAAAACH5BAEKAAEALAAAAAABAAEAAAICTAEAOw==\" \/><noscript><img loading=\"lazy\" decoding=\"async\" width=\"470\" height=\"470\" src=\"https:\/\/www.prezivetje.eu\/wp-content\/uploads\/2022\/12\/SSTS_transparent2-1.png\" alt=\"\" class=\"wp-image-776\" style=\"width:301px;height:301px\" srcset=\"https:\/\/www.prezivetje.eu\/wp-content\/uploads\/2022\/12\/SSTS_transparent2-1.png 470w, https:\/\/www.prezivetje.eu\/wp-content\/uploads\/2022\/12\/SSTS_transparent2-1-300x300.png 300w, https:\/\/www.prezivetje.eu\/wp-content\/uploads\/2022\/12\/SSTS_transparent2-1-150x150.png 150w\" sizes=\"(max-width: 470px) 100vw, 470px\" \/><\/noscript><\/figure><\/div>\n\n\n<p class=\"has-colibri-color-5-color has-colibri-color-6-background-color has-text-color has-background\"> \u0161ola pre\u017eivetja vas bo nau\u010dila, kako vzpostaviti ponovni stik z naravo. Kako razumeti njena sporo\u010dila in kje poiskati darove, ki jih ponuja vsepovsod. Nau\u010dili vas bomo razli\u010dne primitivne tehnike in sodobne tehnike pre\u017eivetja, kako je z lesom, kamnom, jeklom itd.. pri\u017egati pomemben \u010dlove\u0161ki ogenj. Na\u0161im prednikom uspelo pre\u017eiveti v naravi. Tehnike in znanja, ki se jih je Special survival Training Slovenija u\u010dil celo \u017eivljenje, vam bomo prenesli na razumljiv in enostaven na\u010din. Zabavne in uporabne tehnike vam bodo pomagale, ko se znajdete izgubljeni v gozdu, otokih, gorovju in v zimskih razmerah. Enostavno ostali brez elektrike in podobno. Izberite si primeren te\u010daj \ud83d\ude42 Zaradi okoli\u0161\u010din danes se je potrebno nau\u010dit kako pre\u017eivet ki, nam bo \u0161e zelo koristila.<\/p>\n\n\n\n<p class=\"has-colibri-color-5-color has-colibri-color-6-background-color has-text-color has-background\">Vzemite si \u010das in nau\u010dite se ve\u0161\u010dine na\u0161ih prednikov.<\/p>\n\n\n\n<p class=\"has-text-align-center has-colibri-color-5-color has-colibri-color-6-background-color has-text-color has-background\"><strong><em>Samo pogum je tisti, KI VE DA,TE JE RESNI\u010cNO STRAH!<\/em><\/strong><\/p>\n\n\n\n<figure class=\"wp-block-video\"><video controls src=\"https:\/\/www.prezivetje.eu\/wp-content\/uploads\/2024\/03\/371119485_3115879012053610_7749720107165694436_n.mp4\"><\/video><\/figure>\n\n\n\n<h3 class=\"wp-block-heading has-text-align-center has-colibri-color-1-color has-text-color\" style=\"text-transform:uppercase\"><em><mark style=\"background-color:#000000\" class=\"has-inline-color has-colibri-color-5-color\"><strong><br><\/strong><br><\/mark><\/em><\/h3>\n\n\n\n<p><\/p>\n","protected":false},"excerpt":{"rendered":"<p>\u0161ola pre\u017eivetja vas bo nau\u010dila, kako vzpostaviti ponovni stik z naravo. Kako razumeti njena sporo\u010dila in kje poiskati darove, ki jih ponuja vsepovsod. Nau\u010dili vas bomo razli\u010dne primitivne tehnike in sodobne tehnike pre\u017eivetja, kako je z lesom, kamnom, jeklom itd.. pri\u017egati pomemben \u010dlove\u0161ki ogenj. Na\u0161im prednikom uspelo pre\u017eiveti v naravi. Tehnike in znanja, ki se [&hellip;]<\/p>\n","protected":false},"author":1,"featured_media":0,"parent":0,"menu_order":0,"comment_status":"closed","ping_status":"closed","template":"","meta":{"saved_in_kubio":true,"footnotes":""},"class_list":["post-727","page","type-page","status-publish","hentry"],"kubio_ai_page_context":{"short_desc":"","purpose":"general"},"_links":{"self":[{"href":"https:\/\/www.prezivetje.eu\/index.php\/wp-json\/wp\/v2\/pages\/727","targetHints":{"allow":["GET"]}}],"collection":[{"href":"https:\/\/www.prezivetje.eu\/index.php\/wp-json\/wp\/v2\/pages"}],"about":[{"href":"https:\/\/www.prezivetje.eu\/index.php\/wp-json\/wp\/v2\/types\/page"}],"author":[{"embeddable":true,"href":"https:\/\/www.prezivetje.eu\/index.php\/wp-json\/wp\/v2\/users\/1"}],"replies":[{"embeddable":true,"href":"https:\/\/www.prezivetje.eu\/index.php\/wp-json\/wp\/v2\/comments?post=727"}],"version-history":[{"count":0,"href":"https:\/\/www.prezivetje.eu\/index.php\/wp-json\/wp\/v2\/pages\/727\/revisions"}],"wp:attachment":[{"href":"https:\/\/www.prezivetje.eu\/index.php\/wp-json\/wp\/v2\/media?parent=727"}],"curies":[{"name":"wp","href":"https:\/\/api.w.org\/{rel}","templated":true}]}}